{"id":10,"date":"2024-02-20T14:04:06","date_gmt":"2024-02-20T13:04:06","guid":{"rendered":"http:\/\/mojapolanka.org\/?page_id=10"},"modified":"2024-02-26T11:37:55","modified_gmt":"2024-02-26T10:37:55","slug":"strona-glowna","status":"publish","type":"page","link":"https:\/\/mojapolanka.org\/","title":{"rendered":"Cele Stowarzyszenia"},"content":{"rendered":"\n<p>Celem stowarzyszenia jest dzia\u0142alno\u015b\u0107 spo\u0142ecznie u\u017cyteczna prowadzona w sferze zada\u0144 publicznych okre\u015blonych w art. 4 Ust. 1 Pkt. 1-5A,7-24,26- 28-30-34 ustawy z z dnia 24.04.2003 o dzia\u0142alno\u015bci po\u017cytku publicznego I o wolontariacie. <\/p>\n\n\n\n<p>W sferze cel\u00f3w stowarzyszenia jest r\u00f3wnie\u017c: <\/p>\n\n\n\n<p>1) dzia\u0142alno\u015bci na rzecz rozwoju sektora rybo\u0142\u00f3wstwa I akwakultury;<br>2) prowadzenie wielokierunkowej dzia\u0142alno\u015bci rozwijaj\u0105cej I zaspakajaj\u0105cej potrzeby kulturowe mieszka\u0144c\u00f3w;<br>3) upowszechnianie wiedzy, nauki, kultury i sztuki oraz czytelnictwa;<br>4) organizowanie r\u00f3\u017cnorodnych form edukacji kulturalnej i wychowanie przez sztuk\u0119;<br>5) rozpoznawanie, rozbudzanie i zaspokajanie potrzeb oraz zainteresowa\u0144 kulturalnych, czytelniczych, sportowych itp.;<br>6) Tworzenie warunk\u00f3w dla rozwoju amatorskiego ruchu artystycznego oraz zainteresowania kultur\u0105, sztuk\u0105, sportem i czytelnictwem;<br>7) tworzenie warunk\u00f3w dla rozwoju folkloru, a tak\u017ce r\u0119kodzie\u0142a ludowego i artystycznego,<br>8) animacja I edukacja kulturalna, w tym czytelnicza i wychowanie przez sztuk\u0119,<br>9) organizacja czasu wolnego dla dzieci, m\u0142odzie\u017cy I doros\u0142ych,<br>10) gromadzenie, dokumentowanie, tworzenie, ochrona i udost\u0119pnianie d\u00f3br kultury, sztuki i sportu;<br>11) kszta\u0142towanie ideowych, moralnych, patriotycznych i obywatelskich postaw, a tak\u017ce umiej\u0119tno\u015bci wsp\u00f3\u0142\u017cycia w grupie;<br>12) zapobieganie ujemnym zjawiskom spo\u0142ecznym oraz patologii poprzez zaproponowanie alternatywnych form aktywno\u015bci,<br>13) zaspakajanie potrzeb oraz zainteresowa\u0144 w zakresie turystyki, sztuki, kultury, sportu i rekreacji;<br>14) rozwijanie kultury pracy, wypoczynku i \u017cycia codziennego,<br>15) prowadzenie dzia\u0142a\u0144 zwi\u0105zanych z promocj\u0105 gminy polanka wielka &#8211; popularyzacja jej walor\u00f3w m.in. Turystycznych, kulturowych, historycznych, i in.;<br>16) Organizowanie i wsp\u00f3\u0142organizowanie targ\u00f3w, wystaw, plener\u00f3w, imprez o charakterze kulturalnym, turystycznym, sportowym i promocyjnym oraz innych wydarze\u0144 o podobnym charakterze.<\/p>\n","protected":false},"excerpt":{"rendered":"<p>Celem stowarzyszenia jest dzia\u0142alno\u015b\u0107 spo\u0142ecznie u\u017cyteczna prowadzona w sferze zada\u0144 publicznych okre\u015blonych w art. 4 Ust. 1 Pkt. 1-5A,7-24,26- 28-30-34 ustawy z z dnia 24.04.2003 o dzia\u0142alno\u015bci po\u017cytku publicznego I o wolontariacie. W sferze cel\u00f3w stowarzyszenia jest r\u00f3wnie\u017c: 1) dzia\u0142alno\u015bci na rzecz rozwoju sektora rybo\u0142\u00f3wstwa I akwakultury;2) prowadzenie wielokierunkowej dzia\u0142alno\u015bci rozwijaj\u0105cej I zaspakajaj\u0105cej potrzeby kulturowe &hellip; <\/p>\n<p class=\"link-more\"><a href=\"https:\/\/mojapolanka.org\/\" class=\"more-link\">Czytaj dalej<span class=\"screen-reader-text\"> \u201eCele Stowarzyszenia\u201d<\/span><\/a><\/p>\n","protected":false},"author":1,"featured_media":0,"parent":0,"menu_order":0,"comment_status":"closed","ping_status":"closed","template":"","meta":{"footnotes":""},"class_list":["post-10","page","type-page","status-publish","hentry"],"_links":{"self":[{"href":"https:\/\/mojapolanka.org\/index.php?rest_route=\/wp\/v2\/pages\/10","targetHints":{"allow":["GET"]}}],"collection":[{"href":"https:\/\/mojapolanka.org\/index.php?rest_route=\/wp\/v2\/pages"}],"about":[{"href":"https:\/\/mojapolanka.org\/index.php?rest_route=\/wp\/v2\/types\/page"}],"author":[{"embeddable":true,"href":"https:\/\/mojapolanka.org\/index.php?rest_route=\/wp\/v2\/users\/1"}],"replies":[{"embeddable":true,"href":"https:\/\/mojapolanka.org\/index.php?rest_route=%2Fwp%2Fv2%2Fcomments&post=10"}],"version-history":[{"count":2,"href":"https:\/\/mojapolanka.org\/index.php?rest_route=\/wp\/v2\/pages\/10\/revisions"}],"predecessor-version":[{"id":43,"href":"https:\/\/mojapolanka.org\/index.php?rest_route=\/wp\/v2\/pages\/10\/revisions\/43"}],"wp:attachment":[{"href":"https:\/\/mojapolanka.org\/index.php?rest_route=%2Fwp%2Fv2%2Fmedia&parent=10"}],"curies":[{"name":"wp","href":"https:\/\/api.w.org\/{rel}","templated":true}]}}